{"id":315,"date":"2023-06-29T13:15:27","date_gmt":"2023-06-29T11:15:27","guid":{"rendered":"https:\/\/www.equuswatches.ch\/?page_id=315"},"modified":"2023-11-30T18:04:39","modified_gmt":"2023-11-30T17:04:39","slug":"a-propos","status":"publish","type":"page","link":"https:\/\/www.equuswatches.ch\/en\/a-propos\/","title":{"rendered":"About us"},"content":{"rendered":"<div class=\"wpb-content-wrapper\"><div class=\"vc_row wpb_row vc_row-fluid\"><div class=\"wpb_column vc_column_container vc_col-sm-12\"><div class=\"vc_column-inner\"><div class=\"wpb_wrapper\"><div class=\"vc_empty_space\"   style=\"height: 32px\"><span class=\"vc_empty_space_inner\"><\/span><\/div><\/div><\/div><\/div><\/div><div class=\"vc_row wpb_row vc_row-fluid\"><div class=\"wpb_column vc_column_container vc_col-sm-12\"><div class=\"vc_column-inner\"><div class=\"wpb_wrapper\">\n\t<div class=\"wpb_text_column wpb_content_element\" >\n\t\t<div class=\"wpb_wrapper\">\n\t\t\t<h3>About us<\/h3>\n\n\t\t<\/div>\n\t<\/div>\n<\/div><\/div><\/div><\/div><div class=\"vc_row wpb_row vc_row-fluid\"><div class=\"wpb_column vc_column_container vc_col-sm-12\"><div class=\"vc_column-inner\"><div class=\"wpb_wrapper\">\n\t<div class=\"wpb_text_column wpb_content_element\" >\n\t\t<div class=\"wpb_wrapper\">\n\t\t\t<p><strong>A story of passion<br \/>\n<\/strong>Its founder, Etienne Amsler, a child from Bienne, is not from the watchmaking world but has been passionate about watches since his childhood. Also passionate about horse riding, the name Equus came naturally to him. Over the years and research, connections and meetings with numerous professionals in the watchmaking industry, the Equus brand was born.<\/p>\n<p><strong>Interchangeability as DNA<br \/>\n<\/strong>Imagined in 2017 and officially patented in 2023, Equus was born from a desire to quickly and easily match your watch to your look. Through a unique and innovative interchangeability system requiring no specific tools, your timepiece adapts quickly and effortlessly to your current taste. Changing the strap or dial now becomes a daily fashion gesture.<\/p>\n<p><strong>A complete and exclusive offer<br \/>\n<\/strong>Equus offers a collection of interchangeable watches, allowing a quick and easy style change in just 5 seconds. Whether you prefer a classic round watch or a more original shape, the Equus watch range offers a variety of designs to suit all tastes and styles. Thanks to its quick-change mechanism, personalizing your watch according to your outfit or mood of the day becomes child's play. With Equus, stay elegant and at the forefront of fashion.<\/p>\n<p>Each model, special and exclusive, is offered in limited edition.<br \/>\nFor this first creation, only 222 examples were put on the market. This number refers not only to the mirror hours (11:11), an integral part of the reflections during the creation of the brand, but also to the 6 years of entrepreneurship necessary to bring this lifelong project to fruition.<br \/>\nEach year, a new limited edition creation will be released with, for each of them, a specific number linked to the history and evolution of the brand. Interchangeability will obviously remain the DNA of Equus.<\/p>\n\n\t\t<\/div>\n\t<\/div>\n<\/div><\/div><\/div><\/div>\n<\/div>","protected":false},"excerpt":{"rendered":"\u00c0 propos Une histoire de passions Son fondateur, Etienne Amsler, enfant de Bienne, n\u2019est pas du monde horloger mais est un passionn\u00e9 de montres depuis son enfance. \u00c9galement passionn\u00e9 d\u2019\u00e9quitation, le nom Equus lui est venu naturellement. Au fil des ans et des recherches, des connexions et rencontres avec de nombreux professionnels de la branche [...]","protected":false},"author":1,"featured_media":0,"parent":0,"menu_order":0,"comment_status":"closed","ping_status":"closed","template":"","meta":{"site-sidebar-layout":"no-sidebar","site-content-layout":"plain-container","ast-site-content-layout":"normal-width-container","site-content-style":"unboxed","site-sidebar-style":"unboxed","ast-global-header-display":"","ast-banner-title-visibility":"","ast-main-header-display":"","ast-hfb-above-header-display":"","ast-hfb-below-header-display":"","ast-hfb-mobile-header-display":"","site-post-title":"disabled","ast-breadcrumbs-content":"","ast-featured-img":"disabled","footer-sml-layout":"","ast-disable-related-posts":"","theme-transparent-header-meta":"default","adv-header-id-meta":"","stick-header-meta":"","header-above-stick-meta":"","header-main-stick-meta":"","header-below-stick-meta":"","astra-migrate-meta-layouts":"set","ast-page-background-enabled":"default","ast-page-background-meta":{"desktop":{"background-color":"var(--ast-global-color-4)","background-image":"","background-repeat":"repeat","background-position":"center center","background-size":"auto","background-attachment":"scroll","background-type":"","background-media":"","overlay-type":"","overlay-color":"","overlay-opacity":"","overlay-gradient":""},"tablet":{"background-color":"","background-image":"","background-repeat":"repeat","background-position":"center center","background-size":"auto","background-attachment":"scroll","background-type":"","background-media":"","overlay-type":"","overlay-color":"","overlay-opacity":"","overlay-gradient":""},"mobile":{"background-color":"","background-image":"","background-repeat":"repeat","background-position":"center center","background-size":"auto","background-attachment":"scroll","background-type":"","background-media":"","overlay-type":"","overlay-color":"","overlay-opacity":"","overlay-gradient":""}},"ast-content-background-meta":{"desktop":{"background-color":"var(--ast-global-color-5)","background-image":"","background-repeat":"repeat","background-position":"center center","background-size":"auto","background-attachment":"scroll","background-type":"","background-media":"","overlay-type":"","overlay-color":"","overlay-opacity":"","overlay-gradient":""},"tablet":{"background-color":"var(--ast-global-color-5)","background-image":"","background-repeat":"repeat","background-position":"center center","background-size":"auto","background-attachment":"scroll","background-type":"","background-media":"","overlay-type":"","overlay-color":"","overlay-opacity":"","overlay-gradient":""},"mobile":{"background-color":"var(--ast-global-color-5)","background-image":"","background-repeat":"repeat","background-position":"center center","background-size":"auto","background-attachment":"scroll","background-type":"","background-media":"","overlay-type":"","overlay-color":"","overlay-opacity":"","overlay-gradient":""}},"footnotes":""},"class_list":["post-315","page","type-page","status-publish","hentry"],"yoast_head":"<!-- This site is optimized with the Yoast SEO plugin v27.3 - https:\/\/yoast.com\/product\/yoast-seo-wordpress\/ -->\r\n<title>\u00c0 propos - EQUUS<\/title>\r\n<meta name=\"description\" content=\"Imagin\u00e9e en 2017 et officiellement brevet\u00e9e en 2023, Equus est n\u00e9e d\u2019une volont\u00e9 d\u2019accorder de mani\u00e8re simple et rapide sa montre \u00e0 son look\" \/>\r\n<meta name=\"robots\" content=\"index, follow, max-snippet:-1, max-image-preview:large, max-video-preview:-1\" \/>\r\n<link rel=\"canonical\" href=\"http:\/\/www.equuswatches.ch\/en\/a-propos\/\" \/>\r\n<meta property=\"og:locale\" content=\"en_GB\" \/>\r\n<meta property=\"og:type\" content=\"article\" \/>\r\n<meta property=\"og:title\" content=\"\u00c0 propos - EQUUS\" \/>\r\n<meta property=\"og:description\" content=\"Imagin\u00e9e en 2017 et officiellement brevet\u00e9e en 2023, Equus est n\u00e9e d\u2019une volont\u00e9 d\u2019accorder de mani\u00e8re simple et rapide sa montre \u00e0 son look\" \/>\r\n<meta property=\"og:url\" content=\"http:\/\/www.equuswatches.ch\/en\/a-propos\/\" \/>\r\n<meta property=\"og:site_name\" content=\"EQUUS\" \/>\r\n<meta property=\"article:modified_time\" content=\"2023-11-30T17:04:39+00:00\" \/>\r\n<meta name=\"twitter:card\" content=\"summary_large_image\" \/>\r\n<meta name=\"twitter:label1\" content=\"Estimated reading time\" \/>\n\t<meta name=\"twitter:data1\" content=\"2 minutes\" \/>\r\n<script type=\"application\/ld+json\" class=\"yoast-schema-graph\">{\"@context\":\"https:\\\/\\\/schema.org\",\"@graph\":[{\"@type\":\"WebPage\",\"@id\":\"http:\\\/\\\/www.equuswatches.ch\\\/fr\\\/a-propos\\\/\",\"url\":\"http:\\\/\\\/www.equuswatches.ch\\\/fr\\\/a-propos\\\/\",\"name\":\"\u00c0 propos - EQUUS\",\"isPartOf\":{\"@id\":\"https:\\\/\\\/www.equuswatches.ch\\\/fr\\\/#website\"},\"datePublished\":\"2023-06-29T11:15:27+00:00\",\"dateModified\":\"2023-11-30T17:04:39+00:00\",\"description\":\"Imagin\u00e9e en 2017 et officiellement brevet\u00e9e en 2023, Equus est n\u00e9e d\u2019une volont\u00e9 d\u2019accorder de mani\u00e8re simple et rapide sa montre \u00e0 son look\",\"breadcrumb\":{\"@id\":\"http:\\\/\\\/www.equuswatches.ch\\\/fr\\\/a-propos\\\/#breadcrumb\"},\"inLanguage\":\"en-GB\",\"potentialAction\":[{\"@type\":\"ReadAction\",\"target\":[\"http:\\\/\\\/www.equuswatches.ch\\\/fr\\\/a-propos\\\/\"]}]},{\"@type\":\"BreadcrumbList\",\"@id\":\"http:\\\/\\\/www.equuswatches.ch\\\/fr\\\/a-propos\\\/#breadcrumb\",\"itemListElement\":[{\"@type\":\"ListItem\",\"position\":1,\"name\":\"Accueil\",\"item\":\"https:\\\/\\\/www.equuswatches.ch\\\/\"},{\"@type\":\"ListItem\",\"position\":2,\"name\":\"\u00c0 propos\"}]},{\"@type\":\"WebSite\",\"@id\":\"https:\\\/\\\/www.equuswatches.ch\\\/fr\\\/#website\",\"url\":\"https:\\\/\\\/www.equuswatches.ch\\\/fr\\\/\",\"name\":\"EQUUS\",\"description\":\"\",\"publisher\":{\"@id\":\"https:\\\/\\\/www.equuswatches.ch\\\/fr\\\/#organization\"},\"potentialAction\":[{\"@type\":\"SearchAction\",\"target\":{\"@type\":\"EntryPoint\",\"urlTemplate\":\"https:\\\/\\\/www.equuswatches.ch\\\/fr\\\/?s={search_term_string}\"},\"query-input\":{\"@type\":\"PropertyValueSpecification\",\"valueRequired\":true,\"valueName\":\"search_term_string\"}}],\"inLanguage\":\"en-GB\"},{\"@type\":\"Organization\",\"@id\":\"https:\\\/\\\/www.equuswatches.ch\\\/fr\\\/#organization\",\"name\":\"EQUUS\",\"url\":\"https:\\\/\\\/www.equuswatches.ch\\\/fr\\\/\",\"logo\":{\"@type\":\"ImageObject\",\"inLanguage\":\"en-GB\",\"@id\":\"https:\\\/\\\/www.equuswatches.ch\\\/fr\\\/#\\\/schema\\\/logo\\\/image\\\/\",\"url\":\"https:\\\/\\\/www.equuswatches.ch\\\/wp-content\\\/uploads\\\/Logo.png\",\"contentUrl\":\"https:\\\/\\\/www.equuswatches.ch\\\/wp-content\\\/uploads\\\/Logo.png\",\"width\":667,\"height\":359,\"caption\":\"EQUUS\"},\"image\":{\"@id\":\"https:\\\/\\\/www.equuswatches.ch\\\/fr\\\/#\\\/schema\\\/logo\\\/image\\\/\"}}]}<\/script>\r\n<!-- \/ Yoast SEO plugin. -->","yoast_head_json":{"title":"About us - EQUUS","description":"Imagined in 2017 and officially patented in 2023, Equus was born from a desire to quickly and easily match your watch to your look.","robots":{"index":"index","follow":"follow","max-snippet":"max-snippet:-1","max-image-preview":"max-image-preview:large","max-video-preview":"max-video-preview:-1"},"canonical":"http:\/\/www.equuswatches.ch\/en\/a-propos\/","og_locale":"en_GB","og_type":"article","og_title":"\u00c0 propos - EQUUS","og_description":"Imagin\u00e9e en 2017 et officiellement brevet\u00e9e en 2023, Equus est n\u00e9e d\u2019une volont\u00e9 d\u2019accorder de mani\u00e8re simple et rapide sa montre \u00e0 son look","og_url":"http:\/\/www.equuswatches.ch\/en\/a-propos\/","og_site_name":"EQUUS","article_modified_time":"2023-11-30T17:04:39+00:00","twitter_card":"summary_large_image","twitter_misc":{"Estimated reading time":"2 minutes"},"schema":{"@context":"https:\/\/schema.org","@graph":[{"@type":"WebPage","@id":"http:\/\/www.equuswatches.ch\/fr\/a-propos\/","url":"http:\/\/www.equuswatches.ch\/fr\/a-propos\/","name":"About us - EQUUS","isPartOf":{"@id":"https:\/\/www.equuswatches.ch\/fr\/#website"},"datePublished":"2023-06-29T11:15:27+00:00","dateModified":"2023-11-30T17:04:39+00:00","description":"Imagined in 2017 and officially patented in 2023, Equus was born from a desire to quickly and easily match your watch to your look.","breadcrumb":{"@id":"http:\/\/www.equuswatches.ch\/fr\/a-propos\/#breadcrumb"},"inLanguage":"en-GB","potentialAction":[{"@type":"ReadAction","target":["http:\/\/www.equuswatches.ch\/fr\/a-propos\/"]}]},{"@type":"BreadcrumbList","@id":"http:\/\/www.equuswatches.ch\/fr\/a-propos\/#breadcrumb","itemListElement":[{"@type":"ListItem","position":1,"name":"Accueil","item":"https:\/\/www.equuswatches.ch\/"},{"@type":"ListItem","position":2,"name":"\u00c0 propos"}]},{"@type":"WebSite","@id":"https:\/\/www.equuswatches.ch\/fr\/#website","url":"https:\/\/www.equuswatches.ch\/fr\/","name":"EQUUS","description":"","publisher":{"@id":"https:\/\/www.equuswatches.ch\/fr\/#organization"},"potentialAction":[{"@type":"SearchAction","target":{"@type":"EntryPoint","urlTemplate":"https:\/\/www.equuswatches.ch\/fr\/?s={search_term_string}"},"query-input":{"@type":"PropertyValueSpecification","valueRequired":true,"valueName":"search_term_string"}}],"inLanguage":"en-GB"},{"@type":"Organization","@id":"https:\/\/www.equuswatches.ch\/fr\/#organization","name":"EQUUS","url":"https:\/\/www.equuswatches.ch\/fr\/","logo":{"@type":"ImageObject","inLanguage":"en-GB","@id":"https:\/\/www.equuswatches.ch\/fr\/#\/schema\/logo\/image\/","url":"https:\/\/www.equuswatches.ch\/wp-content\/uploads\/Logo.png","contentUrl":"https:\/\/www.equuswatches.ch\/wp-content\/uploads\/Logo.png","width":667,"height":359,"caption":"EQUUS"},"image":{"@id":"https:\/\/www.equuswatches.ch\/fr\/#\/schema\/logo\/image\/"}}]}},"_links":{"self":[{"href":"https:\/\/www.equuswatches.ch\/en\/wp-json\/wp\/v2\/pages\/315","targetHints":{"allow":["GET"]}}],"collection":[{"href":"https:\/\/www.equuswatches.ch\/en\/wp-json\/wp\/v2\/pages"}],"about":[{"href":"https:\/\/www.equuswatches.ch\/en\/wp-json\/wp\/v2\/types\/page"}],"author":[{"embeddable":true,"href":"https:\/\/www.equuswatches.ch\/en\/wp-json\/wp\/v2\/users\/1"}],"replies":[{"embeddable":true,"href":"https:\/\/www.equuswatches.ch\/en\/wp-json\/wp\/v2\/comments?post=315"}],"version-history":[{"count":9,"href":"https:\/\/www.equuswatches.ch\/en\/wp-json\/wp\/v2\/pages\/315\/revisions"}],"predecessor-version":[{"id":1154,"href":"https:\/\/www.equuswatches.ch\/en\/wp-json\/wp\/v2\/pages\/315\/revisions\/1154"}],"wp:attachment":[{"href":"https:\/\/www.equuswatches.ch\/en\/wp-json\/wp\/v2\/media?parent=315"}],"curies":[{"name":"wp","href":"https:\/\/api.w.org\/{rel}","templated":true}]}}