{"id":1105,"date":"2023-11-27T14:08:01","date_gmt":"2023-11-27T13:08:01","guid":{"rendered":"https:\/\/www.equuswatches.ch\/?page_id=1105"},"modified":"2023-11-30T18:17:12","modified_gmt":"2023-11-30T17:17:12","slug":"mentions-legales","status":"publish","type":"page","link":"https:\/\/www.equuswatches.ch\/fr\/mentions-legales\/","title":{"rendered":"Mentions l\u00e9gales"},"content":{"rendered":"<h3 style=\"margin-top: 2em;\">MENTIONS L\u00c9GALES<\/h3>\n<p>Etienne Amsler<br \/>\nChemin des Landes 40<br \/>\nCH-2503 Bienne<br \/>\ninfo@equuswatches.ch<\/p>\n<h5>Clause de non-responsabilit\u00e9<\/h5>\n<p>Le contenu de nos pages a \u00e9t\u00e9 \u00e9dit\u00e9 avec le plus grand soin. EQUUS ne garantit pas l&rsquo;exactitude, l&rsquo;int\u00e9gralit\u00e9 et l&rsquo;actualit\u00e9 dudit contenu. Concernant les liens vers les pages web externes, EQUUS n&rsquo;a aucune influence sur le contenu de ces derni\u00e8res et ne s&rsquo;en porte par cons\u00e9quent pas garant.<\/p>\n<p>&nbsp;<\/p>\n","protected":false},"excerpt":{"rendered":"<p>MENTIONS L\u00c9GALES Etienne Amsler Chemin des Landes 40 CH-2503 Bienne info@equuswatches.ch Clause de non-responsabilit\u00e9 Le contenu de nos pages a \u00e9t\u00e9 \u00e9dit\u00e9 avec le plus grand soin. EQUUS ne garantit pas l&rsquo;exactitude, l&rsquo;int\u00e9gralit\u00e9 et l&rsquo;actualit\u00e9 dudit contenu. Concernant les liens vers les pages web externes, EQUUS n&rsquo;a aucune influence sur le contenu de ces derni\u00e8res [&hellip;]<\/p>\n","protected":false},"author":1,"featured_media":0,"parent":0,"menu_order":0,"comment_status":"closed","ping_status":"closed","template":"","meta":{"site-sidebar-layout":"default","site-content-layout":"","ast-site-content-layout":"default","site-content-style":"default","site-sidebar-style":"default","ast-global-header-display":"","ast-banner-title-visibility":"","ast-main-header-display":"","ast-hfb-above-header-display":"","ast-hfb-below-header-display":"","ast-hfb-mobile-header-display":"","site-post-title":"disabled","ast-breadcrumbs-content":"","ast-featured-img":"disabled","footer-sml-layout":"","ast-disable-related-posts":"","theme-transparent-header-meta":"default","adv-header-id-meta":"","stick-header-meta":"","header-above-stick-meta":"","header-main-stick-meta":"","header-below-stick-meta":"","astra-migrate-meta-layouts":"set","ast-page-background-enabled":"default","ast-page-background-meta":{"desktop":{"background-color":"var(--ast-global-color-4)","background-image":"","background-repeat":"repeat","background-position":"center center","background-size":"auto","background-attachment":"scroll","background-type":"","background-media":"","overlay-type":"","overlay-color":"","overlay-opacity":"","overlay-gradient":""},"tablet":{"background-color":"","background-image":"","background-repeat":"repeat","background-position":"center center","background-size":"auto","background-attachment":"scroll","background-type":"","background-media":"","overlay-type":"","overlay-color":"","overlay-opacity":"","overlay-gradient":""},"mobile":{"background-color":"","background-image":"","background-repeat":"repeat","background-position":"center center","background-size":"auto","background-attachment":"scroll","background-type":"","background-media":"","overlay-type":"","overlay-color":"","overlay-opacity":"","overlay-gradient":""}},"ast-content-background-meta":{"desktop":{"background-color":"var(--ast-global-color-5)","background-image":"","background-repeat":"repeat","background-position":"center center","background-size":"auto","background-attachment":"scroll","background-type":"","background-media":"","overlay-type":"","overlay-color":"","overlay-opacity":"","overlay-gradient":""},"tablet":{"background-color":"var(--ast-global-color-5)","background-image":"","background-repeat":"repeat","background-position":"center center","background-size":"auto","background-attachment":"scroll","background-type":"","background-media":"","overlay-type":"","overlay-color":"","overlay-opacity":"","overlay-gradient":""},"mobile":{"background-color":"var(--ast-global-color-5)","background-image":"","background-repeat":"repeat","background-position":"center center","background-size":"auto","background-attachment":"scroll","background-type":"","background-media":"","overlay-type":"","overlay-color":"","overlay-opacity":"","overlay-gradient":""}},"footnotes":""},"class_list":["post-1105","page","type-page","status-publish","hentry"],"yoast_head":"<!-- This site is optimized with the Yoast SEO plugin v27.3 - https:\/\/yoast.com\/product\/yoast-seo-wordpress\/ -->\r\n<title>Mentions l\u00e9gales - EQUUS<\/title>\r\n<meta name=\"robots\" content=\"index, follow, max-snippet:-1, max-image-preview:large, max-video-preview:-1\" \/>\r\n<link rel=\"canonical\" href=\"https:\/\/www.equuswatches.ch\/fr\/mentions-legales\/\" \/>\r\n<meta property=\"og:locale\" content=\"fr_FR\" \/>\r\n<meta property=\"og:type\" content=\"article\" \/>\r\n<meta property=\"og:title\" content=\"Mentions l\u00e9gales - EQUUS\" \/>\r\n<meta property=\"og:description\" content=\"MENTIONS L\u00c9GALES Etienne Amsler Chemin des Landes 40 CH-2503 Bienne info@equuswatches.ch Clause de non-responsabilit\u00e9 Le contenu de nos pages a \u00e9t\u00e9 \u00e9dit\u00e9 avec le plus grand soin. EQUUS ne garantit pas l&rsquo;exactitude, l&rsquo;int\u00e9gralit\u00e9 et l&rsquo;actualit\u00e9 dudit contenu. Concernant les liens vers les pages web externes, EQUUS n&rsquo;a aucune influence sur le contenu de ces derni\u00e8res [&hellip;]\" \/>\r\n<meta property=\"og:url\" content=\"https:\/\/www.equuswatches.ch\/fr\/mentions-legales\/\" \/>\r\n<meta property=\"og:site_name\" content=\"EQUUS\" \/>\r\n<meta property=\"article:modified_time\" content=\"2023-11-30T17:17:12+00:00\" \/>\r\n<meta name=\"twitter:card\" content=\"summary_large_image\" \/>\r\n<meta name=\"twitter:label1\" content=\"Dur\u00e9e de lecture estim\u00e9e\" \/>\n\t<meta name=\"twitter:data1\" content=\"1 minute\" \/>\r\n<script type=\"application\/ld+json\" class=\"yoast-schema-graph\">{\"@context\":\"https:\\\/\\\/schema.org\",\"@graph\":[{\"@type\":\"WebPage\",\"@id\":\"https:\\\/\\\/www.equuswatches.ch\\\/mentions-legales\\\/\",\"url\":\"https:\\\/\\\/www.equuswatches.ch\\\/mentions-legales\\\/\",\"name\":\"Mentions l\u00e9gales - EQUUS\",\"isPartOf\":{\"@id\":\"https:\\\/\\\/www.equuswatches.ch\\\/fr\\\/#website\"},\"datePublished\":\"2023-11-27T13:08:01+00:00\",\"dateModified\":\"2023-11-30T17:17:12+00:00\",\"breadcrumb\":{\"@id\":\"https:\\\/\\\/www.equuswatches.ch\\\/mentions-legales\\\/#breadcrumb\"},\"inLanguage\":\"fr-FR\",\"potentialAction\":[{\"@type\":\"ReadAction\",\"target\":[\"https:\\\/\\\/www.equuswatches.ch\\\/mentions-legales\\\/\"]}]},{\"@type\":\"BreadcrumbList\",\"@id\":\"https:\\\/\\\/www.equuswatches.ch\\\/mentions-legales\\\/#breadcrumb\",\"itemListElement\":[{\"@type\":\"ListItem\",\"position\":1,\"name\":\"Accueil\",\"item\":\"https:\\\/\\\/www.equuswatches.ch\\\/\"},{\"@type\":\"ListItem\",\"position\":2,\"name\":\"Mentions l\u00e9gales\"}]},{\"@type\":\"WebSite\",\"@id\":\"https:\\\/\\\/www.equuswatches.ch\\\/fr\\\/#website\",\"url\":\"https:\\\/\\\/www.equuswatches.ch\\\/fr\\\/\",\"name\":\"EQUUS\",\"description\":\"\",\"publisher\":{\"@id\":\"https:\\\/\\\/www.equuswatches.ch\\\/fr\\\/#organization\"},\"potentialAction\":[{\"@type\":\"SearchAction\",\"target\":{\"@type\":\"EntryPoint\",\"urlTemplate\":\"https:\\\/\\\/www.equuswatches.ch\\\/fr\\\/?s={search_term_string}\"},\"query-input\":{\"@type\":\"PropertyValueSpecification\",\"valueRequired\":true,\"valueName\":\"search_term_string\"}}],\"inLanguage\":\"fr-FR\"},{\"@type\":\"Organization\",\"@id\":\"https:\\\/\\\/www.equuswatches.ch\\\/fr\\\/#organization\",\"name\":\"EQUUS\",\"url\":\"https:\\\/\\\/www.equuswatches.ch\\\/fr\\\/\",\"logo\":{\"@type\":\"ImageObject\",\"inLanguage\":\"fr-FR\",\"@id\":\"https:\\\/\\\/www.equuswatches.ch\\\/fr\\\/#\\\/schema\\\/logo\\\/image\\\/\",\"url\":\"https:\\\/\\\/www.equuswatches.ch\\\/wp-content\\\/uploads\\\/Logo.png\",\"contentUrl\":\"https:\\\/\\\/www.equuswatches.ch\\\/wp-content\\\/uploads\\\/Logo.png\",\"width\":667,\"height\":359,\"caption\":\"EQUUS\"},\"image\":{\"@id\":\"https:\\\/\\\/www.equuswatches.ch\\\/fr\\\/#\\\/schema\\\/logo\\\/image\\\/\"}}]}<\/script>\r\n<!-- \/ Yoast SEO plugin. -->","yoast_head_json":{"title":"Mentions l\u00e9gales - EQUUS","robots":{"index":"index","follow":"follow","max-snippet":"max-snippet:-1","max-image-preview":"max-image-preview:large","max-video-preview":"max-video-preview:-1"},"canonical":"https:\/\/www.equuswatches.ch\/fr\/mentions-legales\/","og_locale":"fr_FR","og_type":"article","og_title":"Mentions l\u00e9gales - EQUUS","og_description":"MENTIONS L\u00c9GALES Etienne Amsler Chemin des Landes 40 CH-2503 Bienne info@equuswatches.ch Clause de non-responsabilit\u00e9 Le contenu de nos pages a \u00e9t\u00e9 \u00e9dit\u00e9 avec le plus grand soin. EQUUS ne garantit pas l&rsquo;exactitude, l&rsquo;int\u00e9gralit\u00e9 et l&rsquo;actualit\u00e9 dudit contenu. Concernant les liens vers les pages web externes, EQUUS n&rsquo;a aucune influence sur le contenu de ces derni\u00e8res [&hellip;]","og_url":"https:\/\/www.equuswatches.ch\/fr\/mentions-legales\/","og_site_name":"EQUUS","article_modified_time":"2023-11-30T17:17:12+00:00","twitter_card":"summary_large_image","twitter_misc":{"Dur\u00e9e de lecture estim\u00e9e":"1 minute"},"schema":{"@context":"https:\/\/schema.org","@graph":[{"@type":"WebPage","@id":"https:\/\/www.equuswatches.ch\/mentions-legales\/","url":"https:\/\/www.equuswatches.ch\/mentions-legales\/","name":"Mentions l\u00e9gales - EQUUS","isPartOf":{"@id":"https:\/\/www.equuswatches.ch\/fr\/#website"},"datePublished":"2023-11-27T13:08:01+00:00","dateModified":"2023-11-30T17:17:12+00:00","breadcrumb":{"@id":"https:\/\/www.equuswatches.ch\/mentions-legales\/#breadcrumb"},"inLanguage":"fr-FR","potentialAction":[{"@type":"ReadAction","target":["https:\/\/www.equuswatches.ch\/mentions-legales\/"]}]},{"@type":"BreadcrumbList","@id":"https:\/\/www.equuswatches.ch\/mentions-legales\/#breadcrumb","itemListElement":[{"@type":"ListItem","position":1,"name":"Accueil","item":"https:\/\/www.equuswatches.ch\/"},{"@type":"ListItem","position":2,"name":"Mentions l\u00e9gales"}]},{"@type":"WebSite","@id":"https:\/\/www.equuswatches.ch\/fr\/#website","url":"https:\/\/www.equuswatches.ch\/fr\/","name":"EQUUS","description":"","publisher":{"@id":"https:\/\/www.equuswatches.ch\/fr\/#organization"},"potentialAction":[{"@type":"SearchAction","target":{"@type":"EntryPoint","urlTemplate":"https:\/\/www.equuswatches.ch\/fr\/?s={search_term_string}"},"query-input":{"@type":"PropertyValueSpecification","valueRequired":true,"valueName":"search_term_string"}}],"inLanguage":"fr-FR"},{"@type":"Organization","@id":"https:\/\/www.equuswatches.ch\/fr\/#organization","name":"EQUUS","url":"https:\/\/www.equuswatches.ch\/fr\/","logo":{"@type":"ImageObject","inLanguage":"fr-FR","@id":"https:\/\/www.equuswatches.ch\/fr\/#\/schema\/logo\/image\/","url":"https:\/\/www.equuswatches.ch\/wp-content\/uploads\/Logo.png","contentUrl":"https:\/\/www.equuswatches.ch\/wp-content\/uploads\/Logo.png","width":667,"height":359,"caption":"EQUUS"},"image":{"@id":"https:\/\/www.equuswatches.ch\/fr\/#\/schema\/logo\/image\/"}}]}},"_links":{"self":[{"href":"https:\/\/www.equuswatches.ch\/fr\/wp-json\/wp\/v2\/pages\/1105","targetHints":{"allow":["GET"]}}],"collection":[{"href":"https:\/\/www.equuswatches.ch\/fr\/wp-json\/wp\/v2\/pages"}],"about":[{"href":"https:\/\/www.equuswatches.ch\/fr\/wp-json\/wp\/v2\/types\/page"}],"author":[{"embeddable":true,"href":"https:\/\/www.equuswatches.ch\/fr\/wp-json\/wp\/v2\/users\/1"}],"replies":[{"embeddable":true,"href":"https:\/\/www.equuswatches.ch\/fr\/wp-json\/wp\/v2\/comments?post=1105"}],"version-history":[{"count":8,"href":"https:\/\/www.equuswatches.ch\/fr\/wp-json\/wp\/v2\/pages\/1105\/revisions"}],"predecessor-version":[{"id":1122,"href":"https:\/\/www.equuswatches.ch\/fr\/wp-json\/wp\/v2\/pages\/1105\/revisions\/1122"}],"wp:attachment":[{"href":"https:\/\/www.equuswatches.ch\/fr\/wp-json\/wp\/v2\/media?parent=1105"}],"curies":[{"name":"wp","href":"https:\/\/api.w.org\/{rel}","templated":true}]}}