{"id":315,"date":"2023-06-29T13:15:27","date_gmt":"2023-06-29T11:15:27","guid":{"rendered":"https:\/\/www.equuswatches.ch\/?page_id=315"},"modified":"2023-11-30T18:04:39","modified_gmt":"2023-11-30T17:04:39","slug":"a-propos","status":"publish","type":"page","link":"https:\/\/www.equuswatches.ch\/fr\/a-propos\/","title":{"rendered":"\u00c0 propos"},"content":{"rendered":"<div class=\"wpb-content-wrapper\"><div class=\"vc_row wpb_row vc_row-fluid\"><div class=\"wpb_column vc_column_container vc_col-sm-12\"><div class=\"vc_column-inner\"><div class=\"wpb_wrapper\"><div class=\"vc_empty_space\"   style=\"height: 32px\"><span class=\"vc_empty_space_inner\"><\/span><\/div><\/div><\/div><\/div><\/div><div class=\"vc_row wpb_row vc_row-fluid\"><div class=\"wpb_column vc_column_container vc_col-sm-12\"><div class=\"vc_column-inner\"><div class=\"wpb_wrapper\">\n\t<div class=\"wpb_text_column wpb_content_element\" >\n\t\t<div class=\"wpb_wrapper\">\n\t\t\t<h3>\u00c0 propos<\/h3>\n\n\t\t<\/div>\n\t<\/div>\n<\/div><\/div><\/div><\/div><div class=\"vc_row wpb_row vc_row-fluid\"><div class=\"wpb_column vc_column_container vc_col-sm-12\"><div class=\"vc_column-inner\"><div class=\"wpb_wrapper\">\n\t<div class=\"wpb_text_column wpb_content_element\" >\n\t\t<div class=\"wpb_wrapper\">\n\t\t\t<p><strong>Une histoire de passions<br \/>\n<\/strong>Son fondateur, Etienne Amsler, enfant de Bienne, n\u2019est pas du monde horloger mais est un passionn\u00e9 de montres depuis son enfance. \u00c9galement passionn\u00e9 d\u2019\u00e9quitation, le nom Equus lui est venu naturellement. Au fil des ans et des recherches, des connexions et rencontres avec de nombreux professionnels de la branche horlog\u00e8re, la marque Equus a vu le jour.<\/p>\n<p><strong>L\u2019interchangeabilit\u00e9 comme ADN<br \/>\n<\/strong>Imagin\u00e9e en 2017 et officiellement brevet\u00e9e en 2023, Equus est n\u00e9e d\u2019une volont\u00e9 d\u2019accorder de mani\u00e8re simple et rapide sa montre \u00e0 son look. Par un syst\u00e8me d\u2019interchangeabilit\u00e9 unique et novateur ne n\u00e9cessitant aucun outil sp\u00e9cifique, son garde-temps s\u2019adapte rapidement et sans effort \u00e0 son go\u00fbt du moment. Le changement de bracelet ou de cadran devient dor\u00e9navant un geste fashion quotidien.<\/p>\n<p><strong>Une offre compl\u00e8te et exclusive<br \/>\n<\/strong>Equus propose une collection de montres interchangeables, permettant un changement de style rapide et facile en seulement 5 secondes. Que vous pr\u00e9f\u00e9riez une montre ronde classique ou une forme plus originale, la gamme de montres Equus offre une vari\u00e9t\u00e9 de designs qui s\u2019adapte \u00e0 tous les go\u00fbts et styles. Gr\u00e2ce \u00e0 son m\u00e9canisme de changement rapide, personnaliser sa montre en fonction de sa tenue ou de son humeur du jour devient un vrai jeu d\u2019enfant. Avec Equus, restez \u00e9l\u00e9gant et la pointe de la mode.<\/p>\n<p>Chaque mod\u00e8le, sp\u00e9cial et exclusif, est propos\u00e9 en \u00e9dition limit\u00e9e.<br \/>\nPour cette premi\u00e8re cr\u00e9ation, 222 exemplaires seulement sont mis sur le march\u00e9. Ce nombre fait non seulement r\u00e9f\u00e9rence aux heures miroirs (11h11), partie int\u00e9grante des r\u00e9flexions lors de la cr\u00e9ation de la marque, mais \u00e9galement aux 6 ann\u00e9es d\u2019entrepreneuriat n\u00e9cessaires \u00e0 la concr\u00e9tisation de ce projet d\u2019une vie.<br \/>\nChaque ann\u00e9e, une nouvelle cr\u00e9ation en \u00e9dition limit\u00e9e verra le jour avec, pour chacune d\u2019entre elle, un nombre sp\u00e9cifique li\u00e9 \u00e0 l\u2019histoire et \u00e0 l\u2019\u00e9volution de la marque. L\u2019interchangeabilit\u00e9 restera bien \u00e9videmment l\u2019ADN de Equus.<\/p>\n\n\t\t<\/div>\n\t<\/div>\n<\/div><\/div><\/div><\/div>\n<\/div>","protected":false},"excerpt":{"rendered":"\u00c0 propos Une histoire de passions Son fondateur, Etienne Amsler, enfant de Bienne, n\u2019est pas du monde horloger mais est un passionn\u00e9 de montres depuis son enfance. \u00c9galement passionn\u00e9 d\u2019\u00e9quitation, le nom Equus lui est venu naturellement. Au fil des ans et des recherches, des connexions et rencontres avec de nombreux professionnels de la branche [...]","protected":false},"author":1,"featured_media":0,"parent":0,"menu_order":0,"comment_status":"closed","ping_status":"closed","template":"","meta":{"site-sidebar-layout":"no-sidebar","site-content-layout":"plain-container","ast-site-content-layout":"normal-width-container","site-content-style":"unboxed","site-sidebar-style":"unboxed","ast-global-header-display":"","ast-banner-title-visibility":"","ast-main-header-display":"","ast-hfb-above-header-display":"","ast-hfb-below-header-display":"","ast-hfb-mobile-header-display":"","site-post-title":"disabled","ast-breadcrumbs-content":"","ast-featured-img":"disabled","footer-sml-layout":"","ast-disable-related-posts":"","theme-transparent-header-meta":"default","adv-header-id-meta":"","stick-header-meta":"","header-above-stick-meta":"","header-main-stick-meta":"","header-below-stick-meta":"","astra-migrate-meta-layouts":"set","ast-page-background-enabled":"default","ast-page-background-meta":{"desktop":{"background-color":"var(--ast-global-color-4)","background-image":"","background-repeat":"repeat","background-position":"center center","background-size":"auto","background-attachment":"scroll","background-type":"","background-media":"","overlay-type":"","overlay-color":"","overlay-opacity":"","overlay-gradient":""},"tablet":{"background-color":"","background-image":"","background-repeat":"repeat","background-position":"center center","background-size":"auto","background-attachment":"scroll","background-type":"","background-media":"","overlay-type":"","overlay-color":"","overlay-opacity":"","overlay-gradient":""},"mobile":{"background-color":"","background-image":"","background-repeat":"repeat","background-position":"center center","background-size":"auto","background-attachment":"scroll","background-type":"","background-media":"","overlay-type":"","overlay-color":"","overlay-opacity":"","overlay-gradient":""}},"ast-content-background-meta":{"desktop":{"background-color":"var(--ast-global-color-5)","background-image":"","background-repeat":"repeat","background-position":"center center","background-size":"auto","background-attachment":"scroll","background-type":"","background-media":"","overlay-type":"","overlay-color":"","overlay-opacity":"","overlay-gradient":""},"tablet":{"background-color":"var(--ast-global-color-5)","background-image":"","background-repeat":"repeat","background-position":"center center","background-size":"auto","background-attachment":"scroll","background-type":"","background-media":"","overlay-type":"","overlay-color":"","overlay-opacity":"","overlay-gradient":""},"mobile":{"background-color":"var(--ast-global-color-5)","background-image":"","background-repeat":"repeat","background-position":"center center","background-size":"auto","background-attachment":"scroll","background-type":"","background-media":"","overlay-type":"","overlay-color":"","overlay-opacity":"","overlay-gradient":""}},"footnotes":""},"class_list":["post-315","page","type-page","status-publish","hentry"],"yoast_head":"<!-- This site is optimized with the Yoast SEO plugin v27.3 - https:\/\/yoast.com\/product\/yoast-seo-wordpress\/ -->\r\n<title>\u00c0 propos - EQUUS<\/title>\r\n<meta name=\"description\" content=\"Imagin\u00e9e en 2017 et officiellement brevet\u00e9e en 2023, Equus est n\u00e9e d\u2019une volont\u00e9 d\u2019accorder de mani\u00e8re simple et rapide sa montre \u00e0 son look\" \/>\r\n<meta name=\"robots\" content=\"index, follow, max-snippet:-1, max-image-preview:large, max-video-preview:-1\" \/>\r\n<link rel=\"canonical\" href=\"http:\/\/www.equuswatches.ch\/fr\/a-propos\/\" \/>\r\n<meta property=\"og:locale\" content=\"fr_FR\" \/>\r\n<meta property=\"og:type\" content=\"article\" \/>\r\n<meta property=\"og:title\" content=\"\u00c0 propos - EQUUS\" \/>\r\n<meta property=\"og:description\" content=\"Imagin\u00e9e en 2017 et officiellement brevet\u00e9e en 2023, Equus est n\u00e9e d\u2019une volont\u00e9 d\u2019accorder de mani\u00e8re simple et rapide sa montre \u00e0 son look\" \/>\r\n<meta property=\"og:url\" content=\"http:\/\/www.equuswatches.ch\/fr\/a-propos\/\" \/>\r\n<meta property=\"og:site_name\" content=\"EQUUS\" \/>\r\n<meta property=\"article:modified_time\" content=\"2023-11-30T17:04:39+00:00\" \/>\r\n<meta name=\"twitter:card\" content=\"summary_large_image\" \/>\r\n<meta name=\"twitter:label1\" content=\"Dur\u00e9e de lecture estim\u00e9e\" \/>\n\t<meta name=\"twitter:data1\" content=\"2 minutes\" \/>\r\n<script type=\"application\/ld+json\" class=\"yoast-schema-graph\">{\"@context\":\"https:\\\/\\\/schema.org\",\"@graph\":[{\"@type\":\"WebPage\",\"@id\":\"http:\\\/\\\/www.equuswatches.ch\\\/fr\\\/a-propos\\\/\",\"url\":\"http:\\\/\\\/www.equuswatches.ch\\\/fr\\\/a-propos\\\/\",\"name\":\"\u00c0 propos - EQUUS\",\"isPartOf\":{\"@id\":\"https:\\\/\\\/www.equuswatches.ch\\\/fr\\\/#website\"},\"datePublished\":\"2023-06-29T11:15:27+00:00\",\"dateModified\":\"2023-11-30T17:04:39+00:00\",\"description\":\"Imagin\u00e9e en 2017 et officiellement brevet\u00e9e en 2023, Equus est n\u00e9e d\u2019une volont\u00e9 d\u2019accorder de mani\u00e8re simple et rapide sa montre \u00e0 son look\",\"breadcrumb\":{\"@id\":\"http:\\\/\\\/www.equuswatches.ch\\\/fr\\\/a-propos\\\/#breadcrumb\"},\"inLanguage\":\"fr-FR\",\"potentialAction\":[{\"@type\":\"ReadAction\",\"target\":[\"http:\\\/\\\/www.equuswatches.ch\\\/fr\\\/a-propos\\\/\"]}]},{\"@type\":\"BreadcrumbList\",\"@id\":\"http:\\\/\\\/www.equuswatches.ch\\\/fr\\\/a-propos\\\/#breadcrumb\",\"itemListElement\":[{\"@type\":\"ListItem\",\"position\":1,\"name\":\"Accueil\",\"item\":\"https:\\\/\\\/www.equuswatches.ch\\\/\"},{\"@type\":\"ListItem\",\"position\":2,\"name\":\"\u00c0 propos\"}]},{\"@type\":\"WebSite\",\"@id\":\"https:\\\/\\\/www.equuswatches.ch\\\/fr\\\/#website\",\"url\":\"https:\\\/\\\/www.equuswatches.ch\\\/fr\\\/\",\"name\":\"EQUUS\",\"description\":\"\",\"publisher\":{\"@id\":\"https:\\\/\\\/www.equuswatches.ch\\\/fr\\\/#organization\"},\"potentialAction\":[{\"@type\":\"SearchAction\",\"target\":{\"@type\":\"EntryPoint\",\"urlTemplate\":\"https:\\\/\\\/www.equuswatches.ch\\\/fr\\\/?s={search_term_string}\"},\"query-input\":{\"@type\":\"PropertyValueSpecification\",\"valueRequired\":true,\"valueName\":\"search_term_string\"}}],\"inLanguage\":\"fr-FR\"},{\"@type\":\"Organization\",\"@id\":\"https:\\\/\\\/www.equuswatches.ch\\\/fr\\\/#organization\",\"name\":\"EQUUS\",\"url\":\"https:\\\/\\\/www.equuswatches.ch\\\/fr\\\/\",\"logo\":{\"@type\":\"ImageObject\",\"inLanguage\":\"fr-FR\",\"@id\":\"https:\\\/\\\/www.equuswatches.ch\\\/fr\\\/#\\\/schema\\\/logo\\\/image\\\/\",\"url\":\"https:\\\/\\\/www.equuswatches.ch\\\/wp-content\\\/uploads\\\/Logo.png\",\"contentUrl\":\"https:\\\/\\\/www.equuswatches.ch\\\/wp-content\\\/uploads\\\/Logo.png\",\"width\":667,\"height\":359,\"caption\":\"EQUUS\"},\"image\":{\"@id\":\"https:\\\/\\\/www.equuswatches.ch\\\/fr\\\/#\\\/schema\\\/logo\\\/image\\\/\"}}]}<\/script>\r\n<!-- \/ Yoast SEO plugin. -->","yoast_head_json":{"title":"\u00c0 propos - EQUUS","description":"Imagin\u00e9e en 2017 et officiellement brevet\u00e9e en 2023, Equus est n\u00e9e d\u2019une volont\u00e9 d\u2019accorder de mani\u00e8re simple et rapide sa montre \u00e0 son look","robots":{"index":"index","follow":"follow","max-snippet":"max-snippet:-1","max-image-preview":"max-image-preview:large","max-video-preview":"max-video-preview:-1"},"canonical":"http:\/\/www.equuswatches.ch\/fr\/a-propos\/","og_locale":"fr_FR","og_type":"article","og_title":"\u00c0 propos - EQUUS","og_description":"Imagin\u00e9e en 2017 et officiellement brevet\u00e9e en 2023, Equus est n\u00e9e d\u2019une volont\u00e9 d\u2019accorder de mani\u00e8re simple et rapide sa montre \u00e0 son look","og_url":"http:\/\/www.equuswatches.ch\/fr\/a-propos\/","og_site_name":"EQUUS","article_modified_time":"2023-11-30T17:04:39+00:00","twitter_card":"summary_large_image","twitter_misc":{"Dur\u00e9e de lecture estim\u00e9e":"2 minutes"},"schema":{"@context":"https:\/\/schema.org","@graph":[{"@type":"WebPage","@id":"http:\/\/www.equuswatches.ch\/fr\/a-propos\/","url":"http:\/\/www.equuswatches.ch\/fr\/a-propos\/","name":"\u00c0 propos - EQUUS","isPartOf":{"@id":"https:\/\/www.equuswatches.ch\/fr\/#website"},"datePublished":"2023-06-29T11:15:27+00:00","dateModified":"2023-11-30T17:04:39+00:00","description":"Imagin\u00e9e en 2017 et officiellement brevet\u00e9e en 2023, Equus est n\u00e9e d\u2019une volont\u00e9 d\u2019accorder de mani\u00e8re simple et rapide sa montre \u00e0 son look","breadcrumb":{"@id":"http:\/\/www.equuswatches.ch\/fr\/a-propos\/#breadcrumb"},"inLanguage":"fr-FR","potentialAction":[{"@type":"ReadAction","target":["http:\/\/www.equuswatches.ch\/fr\/a-propos\/"]}]},{"@type":"BreadcrumbList","@id":"http:\/\/www.equuswatches.ch\/fr\/a-propos\/#breadcrumb","itemListElement":[{"@type":"ListItem","position":1,"name":"Accueil","item":"https:\/\/www.equuswatches.ch\/"},{"@type":"ListItem","position":2,"name":"\u00c0 propos"}]},{"@type":"WebSite","@id":"https:\/\/www.equuswatches.ch\/fr\/#website","url":"https:\/\/www.equuswatches.ch\/fr\/","name":"EQUUS","description":"","publisher":{"@id":"https:\/\/www.equuswatches.ch\/fr\/#organization"},"potentialAction":[{"@type":"SearchAction","target":{"@type":"EntryPoint","urlTemplate":"https:\/\/www.equuswatches.ch\/fr\/?s={search_term_string}"},"query-input":{"@type":"PropertyValueSpecification","valueRequired":true,"valueName":"search_term_string"}}],"inLanguage":"fr-FR"},{"@type":"Organization","@id":"https:\/\/www.equuswatches.ch\/fr\/#organization","name":"EQUUS","url":"https:\/\/www.equuswatches.ch\/fr\/","logo":{"@type":"ImageObject","inLanguage":"fr-FR","@id":"https:\/\/www.equuswatches.ch\/fr\/#\/schema\/logo\/image\/","url":"https:\/\/www.equuswatches.ch\/wp-content\/uploads\/Logo.png","contentUrl":"https:\/\/www.equuswatches.ch\/wp-content\/uploads\/Logo.png","width":667,"height":359,"caption":"EQUUS"},"image":{"@id":"https:\/\/www.equuswatches.ch\/fr\/#\/schema\/logo\/image\/"}}]}},"_links":{"self":[{"href":"https:\/\/www.equuswatches.ch\/fr\/wp-json\/wp\/v2\/pages\/315","targetHints":{"allow":["GET"]}}],"collection":[{"href":"https:\/\/www.equuswatches.ch\/fr\/wp-json\/wp\/v2\/pages"}],"about":[{"href":"https:\/\/www.equuswatches.ch\/fr\/wp-json\/wp\/v2\/types\/page"}],"author":[{"embeddable":true,"href":"https:\/\/www.equuswatches.ch\/fr\/wp-json\/wp\/v2\/users\/1"}],"replies":[{"embeddable":true,"href":"https:\/\/www.equuswatches.ch\/fr\/wp-json\/wp\/v2\/comments?post=315"}],"version-history":[{"count":9,"href":"https:\/\/www.equuswatches.ch\/fr\/wp-json\/wp\/v2\/pages\/315\/revisions"}],"predecessor-version":[{"id":1154,"href":"https:\/\/www.equuswatches.ch\/fr\/wp-json\/wp\/v2\/pages\/315\/revisions\/1154"}],"wp:attachment":[{"href":"https:\/\/www.equuswatches.ch\/fr\/wp-json\/wp\/v2\/media?parent=315"}],"curies":[{"name":"wp","href":"https:\/\/api.w.org\/{rel}","templated":true}]}}