{"id":35,"date":"2023-06-17T20:28:44","date_gmt":"2023-06-17T18:28:44","guid":{"rendered":"https:\/\/www.equuswatches.ch\/?page_id=35"},"modified":"2025-09-24T15:47:45","modified_gmt":"2025-09-24T13:47:45","slug":"accueil","status":"publish","type":"page","link":"https:\/\/www.equuswatches.ch\/fr\/","title":{"rendered":"Accueil"},"content":{"rendered":"<div class=\"wpb-content-wrapper\"><div data-vc-full-width=\"true\" data-vc-full-width-temp=\"true\" data-vc-full-width-init=\"false\" data-vc-stretch-content=\"true\" class=\"vc_row wpb_row vc_row-fluid vc_row-no-padding\"><div class=\"wpb_column vc_column_container vc_col-sm-12\"><div class=\"vc_column-inner\"><div class=\"wpb_wrapper\">\n\t<div class=\"wpb_raw_code wpb_raw_html wpb_content_element vc_custom_1699816429024\" >\n\t\t<div class=\"wpb_wrapper\">\n\t\t\t<div id=\"equu-video-wrap\">\n    <video class=\"equu-video-home\" autoplay muted loop playsinline>\n        <source src=\"\/wp-content\/uploads\/home_video_v3.mp4\" type=\"video\/mp4\">\n        <source src=\"\/wp-content\/uploads\/home_video_v3.webm\" type=\"video\/webm\">\n        <source src=\"\/wp-content\/uploads\/home_video_v3.ogv\" type=\"video\/ogg\">\n    <\/video>\n<\/div>\n\n\t\t<\/div>\n\t<\/div>\n<\/div><\/div><\/div><\/div><div class=\"vc_row-full-width vc_clearfix\"><\/div><div data-vc-full-width=\"true\" data-vc-full-width-temp=\"true\" data-vc-full-width-init=\"false\" data-vc-stretch-content=\"true\" class=\"vc_row wpb_row vc_row-fluid equu-slogan1f-row vc_row-no-padding\"><div class=\"wpb_column vc_column_container vc_col-sm-12\"><div class=\"vc_column-inner\"><div class=\"wpb_wrapper\">\n\t<div  class=\"wpb_single_image wpb_content_element vc_align_center wpb_content_element wpb_animate_when_almost_visible wpb_flipInX flipInX vc_custom_1699808166108\">\n\t\t\n\t\t<figure class=\"wpb_wrapper vc_figure\">\n\t\t\t<div class=\"vc_single_image-wrapper   vc_box_border_grey\"><img loading=\"lazy\" decoding=\"async\" width=\"1200\" height=\"380\" src=\"https:\/\/www.equuswatches.ch\/wp-content\/uploads\/slogan1f.png\" class=\"vc_single_image-img attachment-full\" alt=\"\" title=\"\" srcset=\"https:\/\/www.equuswatches.ch\/wp-content\/uploads\/slogan1f.png 1200w, https:\/\/www.equuswatches.ch\/wp-content\/uploads\/slogan1f-300x95.png 300w, https:\/\/www.equuswatches.ch\/wp-content\/uploads\/slogan1f-1024x324.png 1024w, https:\/\/www.equuswatches.ch\/wp-content\/uploads\/slogan1f-768x243.png 768w, https:\/\/www.equuswatches.ch\/wp-content\/uploads\/slogan1f-600x190.png 600w\" sizes=\"auto, (max-width: 1200px) 100vw, 1200px\" \/><\/div>\n\t\t<\/figure>\n\t<\/div>\n<\/div><\/div><\/div><\/div><div class=\"vc_row-full-width vc_clearfix\"><\/div><div data-vc-full-width=\"true\" data-vc-full-width-temp=\"true\" data-vc-full-width-init=\"false\" data-vc-stretch-content=\"true\" class=\"vc_row wpb_row vc_row-fluid vc_custom_1699782966589 vc_column-gap-30\"><div class=\"wpb_column vc_column_container vc_col-sm-6 vc_col-lg-7\"><div class=\"vc_column-inner\"><div class=\"wpb_wrapper\">\n\t<div class=\"wpb_text_column wpb_content_element vc_custom_1699735104216\" >\n\t\t<div class=\"wpb_wrapper\">\n\t\t\t\n\n\t\t<\/div>\n\t<\/div>\n<\/div><\/div><\/div><div class=\"equu-col2-product wpb_column vc_column_container vc_col-sm-6 vc_col-lg-5\"><div class=\"vc_column-inner\"><div class=\"wpb_wrapper\">\n\t<div class=\"wpb_raw_code wpb_raw_html wpb_content_element\" >\n\t\t<div class=\"wpb_wrapper\">\n\t\t\t<h4 style=\"margin-bottom: 2em;\">Coffret exclusif de deux montres, limit\u00e9 \u00e0 222 exemplaires<\/h4>\n<div class=\"row\">\n    <div class=\"col-xs-12 col-sm-6\">\n        <div class=\"equu-product-detail\">\n            <div style=\"text-align: center;\">\n                <p style=\"font-weight: bold; margin-bottom: 0.8em;\">\n                    M\u00c9CANIQUE\n                <\/p>\n                <img decoding=\"async\" src=\"\/wp-content\/uploads\/watch_wb_sm_v1.webp\" \/>\n            <\/div>\n            <ul>\n                <li>Bo\u00eete en acier 316L<\/li>\n                <li>Diam\u00e8tre 42mm<\/li>\n                <li>Mouvement squelette m\u00e9canique (Landeron 24SQ)<\/li>\n                <li>Glace saphir antireflet<\/li>\n                <li>Affichage heure, minute, seconde<\/li>\n                <li>R\u00e9serve de marche de 32h<\/li>\n                <li>\u00c9tanche jusqu\u2019\u00e0 20 m\u00e8tres<\/li>\n            <\/ul>\n        <\/div>\n    <\/div>\n    <div class=\"col-xs-12 col-sm-6\">\n        <div class=\"equu-product-detail\">\n            <div style=\"text-align: center;\">\n                <p style=\"font-weight: bold; margin-bottom: 0.8em;\">\n                    QUARTZ\n                <\/p>\n                <img decoding=\"async\" src=\"\/wp-content\/uploads\/watch_bb_sm_v1.webp\" \/>\n            <\/div>\n            <ul>\n                <li>Bo\u00eete en acier 316L<\/li>\n                <li>Mouvement \u00e0 quartz (Myota GM02)<\/li>\n                <li>Glace saphir antireflet<\/li>\n                <li>Affichage heure, minute, seconde, jour, date<\/li>\n                <li>\u00c9tanche jusqu\u2019\u00e0 20 m\u00e8tres<\/li>\n            <\/ul>\n        <\/div>\n    <\/div>\n<\/div>\n\n\t\t<\/div>\n\t<\/div>\n\n\t<div class=\"wpb_text_column wpb_content_element vc_custom_1701251325141\" >\n\t\t<div class=\"wpb_wrapper\">\n\t\t\t<p style=\"text-align: center;\"><strong>Prix du coffret : CHF 2&rsquo;922.- (TTC)<\/strong><\/p>\n\n\t\t<\/div>\n\t<\/div>\n\n\t<div class=\"wpb_text_column wpb_content_element vc_custom_1699781484256 equu-btn-home-basket\" >\n\t\t<div class=\"wpb_wrapper\">\n\t\t\t<p class=\"product woocommerce add_to_cart_inline \" style=\"border:4px solid #ccc; padding: 12px;\"><a href=\"\/fr\/wp-json\/wp\/v2\/pages\/35?add-to-cart=308\" aria-describedby=\"woocommerce_loop_add_to_cart_link_describedby_308\" data-quantity=\"1\" class=\"button product_type_simple add_to_cart_button ajax_add_to_cart\" data-product_id=\"308\" data-product_sku=\"\" aria-label=\"Ajouter au panier\u00a0: &ldquo;EQUUS TIME TO SWITCH&rdquo;\" rel=\"nofollow\" data-success_message=\"\u00ab\u00a0EQUUS TIME TO SWITCH\u00a0\u00bb a \u00e9t\u00e9 ajout\u00e9 \u00e0 votre panier\">Ajouter au panier<\/a>\t<span id=\"woocommerce_loop_add_to_cart_link_describedby_308\" class=\"screen-reader-text\">\n\t\t\t<\/span>\n<\/p>\n\n\t\t<\/div>\n\t<\/div>\n<\/div><\/div><\/div><\/div><div class=\"vc_row-full-width vc_clearfix\"><\/div><div data-vc-full-width=\"true\" data-vc-full-width-temp=\"true\" data-vc-full-width-init=\"false\" class=\"vc_row wpb_row vc_row-fluid equu-slogan2a-row\"><div class=\"wpb_column vc_column_container vc_col-sm-12\"><div class=\"vc_column-inner\"><div class=\"wpb_wrapper\">\n\t<div class=\"wpb_text_column wpb_content_element equu-slogan-header\" >\n\t\t<div class=\"wpb_wrapper\">\n\t\t\t<p>SWITCH 222 &#8211; LIMITED EDITION<\/p>\n\n\t\t<\/div>\n\t<\/div>\n<\/div><\/div><\/div><\/div><div class=\"vc_row-full-width vc_clearfix\"><\/div><div data-vc-full-width=\"true\" data-vc-full-width-temp=\"true\" data-vc-full-width-init=\"false\" data-vc-stretch-content=\"true\" class=\"vc_row wpb_row vc_row-fluid vc_row-no-padding\"><div class=\"wpb_column vc_column_container vc_col-sm-12\"><div class=\"vc_column-inner\"><div class=\"wpb_wrapper\">\n\t<div class=\"wpb_text_column wpb_content_element vc_custom_1699738221428 equu-bottom-slider\" >\n\t\t<div class=\"wpb_wrapper\">\n\t\t\t<div id=\"metaslider-id-667\" style=\"width: 100%;\" class=\"ml-slider-3-107-0 metaslider metaslider-flex metaslider-667 ml-slider ms-theme-default nav-hidden\" role=\"region\" aria-label=\"Home slider\" data-height=\"450\" data-width=\"1920\">\n    <div id=\"metaslider_container_667\">\n        <div id=\"metaslider_667\">\n            <ul class='slides'>\n                <li style=\"display: block; width: 100%;\" class=\"slide-964 ms-image \" aria-roledescription=\"slide\" data-date=\"2023-11-12 11:09:45\" data-filename=\"home_slide1.webp\" data-slide-type=\"image\"><img loading=\"lazy\" decoding=\"async\" src=\"https:\/\/www.equuswatches.ch\/wp-content\/uploads\/home_slide1.webp\" height=\"450\" width=\"1920\" alt=\"\" class=\"slider-667 slide-964 msDefaultImage\" \/><\/li>\n                <li style=\"display: none; width: 100%;\" class=\"slide-965 ms-image \" aria-roledescription=\"slide\" data-date=\"2023-11-12 11:09:45\" data-filename=\"home_slide2.webp\" data-slide-type=\"image\"><img loading=\"lazy\" decoding=\"async\" src=\"https:\/\/www.equuswatches.ch\/wp-content\/uploads\/home_slide2.webp\" height=\"450\" width=\"1920\" alt=\"\" class=\"slider-667 slide-965 msDefaultImage\" \/><\/li>\n                <li style=\"display: none; width: 100%;\" class=\"slide-966 ms-image \" aria-roledescription=\"slide\" data-date=\"2023-11-12 11:09:46\" data-filename=\"home_slide3.webp\" data-slide-type=\"image\"><img loading=\"lazy\" decoding=\"async\" src=\"https:\/\/www.equuswatches.ch\/wp-content\/uploads\/home_slide3.webp\" height=\"450\" width=\"1920\" alt=\"\" class=\"slider-667 slide-966 msDefaultImage\" \/><\/li>\n                <li style=\"display: none; width: 100%;\" class=\"slide-967 ms-image \" aria-roledescription=\"slide\" data-date=\"2023-11-12 11:09:46\" data-filename=\"home_slide4.webp\" data-slide-type=\"image\"><img loading=\"lazy\" decoding=\"async\" src=\"https:\/\/www.equuswatches.ch\/wp-content\/uploads\/home_slide4.webp\" height=\"450\" width=\"1920\" alt=\"\" class=\"slider-667 slide-967 msDefaultImage\" \/><\/li>\n                <li style=\"display: none; width: 100%;\" class=\"slide-968 ms-image \" aria-roledescription=\"slide\" data-date=\"2023-11-12 11:09:46\" data-filename=\"home_slide5.webp\" data-slide-type=\"image\"><img loading=\"lazy\" decoding=\"async\" src=\"https:\/\/www.equuswatches.ch\/wp-content\/uploads\/home_slide5.webp\" height=\"450\" width=\"1920\" alt=\"\" class=\"slider-667 slide-968 msDefaultImage\" \/><\/li>\n                <li style=\"display: none; width: 100%;\" class=\"slide-969 ms-image \" aria-roledescription=\"slide\" data-date=\"2023-11-12 11:09:47\" data-filename=\"home_slide6.webp\" data-slide-type=\"image\"><img loading=\"lazy\" decoding=\"async\" src=\"https:\/\/www.equuswatches.ch\/wp-content\/uploads\/home_slide6.webp\" height=\"450\" width=\"1920\" alt=\"\" class=\"slider-667 slide-969 msDefaultImage\" \/><\/li>\n                <li style=\"display: none; width: 100%;\" class=\"slide-970 ms-image \" aria-roledescription=\"slide\" data-date=\"2023-11-12 11:09:48\" data-filename=\"home_slide7.webp\" data-slide-type=\"image\"><img loading=\"lazy\" decoding=\"async\" src=\"https:\/\/www.equuswatches.ch\/wp-content\/uploads\/home_slide7.webp\" height=\"450\" width=\"1920\" alt=\"\" class=\"slider-667 slide-970 msDefaultImage\" \/><\/li>\n                <li style=\"display: none; width: 100%;\" class=\"slide-971 ms-image \" aria-roledescription=\"slide\" data-date=\"2023-11-12 11:09:48\" data-filename=\"home_slide8.webp\" data-slide-type=\"image\"><img loading=\"lazy\" decoding=\"async\" src=\"https:\/\/www.equuswatches.ch\/wp-content\/uploads\/home_slide8.webp\" height=\"450\" width=\"1920\" alt=\"\" class=\"slider-667 slide-971 msDefaultImage\" \/><\/li>\n                <li style=\"display: none; width: 100%;\" class=\"slide-972 ms-image \" aria-roledescription=\"slide\" data-date=\"2023-11-12 11:09:48\" data-filename=\"home_slide9.webp\" data-slide-type=\"image\"><img loading=\"lazy\" decoding=\"async\" src=\"https:\/\/www.equuswatches.ch\/wp-content\/uploads\/home_slide9.webp\" height=\"450\" width=\"1920\" alt=\"\" class=\"slider-667 slide-972 msDefaultImage\" \/><\/li>\n            <\/ul>\n        <\/div>\n        \n    <\/div>\n<\/div>\n\n\t\t<\/div>\n\t<\/div>\n<\/div><\/div><\/div><\/div><div class=\"vc_row-full-width vc_clearfix\"><\/div>\n<\/div>","protected":false},"excerpt":{"rendered":"Coffret exclusif de deux montres, limit\u00e9 \u00e0 222 exemplaires M\u00c9CANIQUE Bo\u00eete en acier 316L Diam\u00e8tre 42mm Mouvement squelette m\u00e9canique (Landeron 24SQ) Glace saphir antireflet Affichage heure, minute, seconde R\u00e9serve de marche de 32h \u00c9tanche jusqu\u2019\u00e0 20 m\u00e8tres QUARTZ Bo\u00eete en acier 316L Mouvement \u00e0 quartz (Myota GM02) Glace saphir antireflet Affichage heure, minute, seconde, jour, [...]","protected":false},"author":1,"featured_media":0,"parent":0,"menu_order":0,"comment_status":"closed","ping_status":"closed","template":"","meta":{"site-sidebar-layout":"no-sidebar","site-content-layout":"plain-container","ast-site-content-layout":"normal-width-container","site-content-style":"unboxed","site-sidebar-style":"unboxed","ast-global-header-display":"","ast-banner-title-visibility":"","ast-main-header-display":"","ast-hfb-above-header-display":"","ast-hfb-below-header-display":"","ast-hfb-mobile-header-display":"","site-post-title":"disabled","ast-breadcrumbs-content":"","ast-featured-img":"disabled","footer-sml-layout":"","ast-disable-related-posts":"","theme-transparent-header-meta":"default","adv-header-id-meta":"","stick-header-meta":"","header-above-stick-meta":"","header-main-stick-meta":"","header-below-stick-meta":"","astra-migrate-meta-layouts":"set","ast-page-background-enabled":"default","ast-page-background-meta":{"desktop":{"background-color":"var(--ast-global-color-4)","background-image":"","background-repeat":"repeat","background-position":"center center","background-size":"auto","background-attachment":"scroll","background-type":"","background-media":"","overlay-type":"","overlay-color":"","overlay-opacity":"","overlay-gradient":""},"tablet":{"background-color":"","background-image":"","background-repeat":"repeat","background-position":"center center","background-size":"auto","background-attachment":"scroll","background-type":"","background-media":"","overlay-type":"","overlay-color":"","overlay-opacity":"","overlay-gradient":""},"mobile":{"background-color":"","background-image":"","background-repeat":"repeat","background-position":"center center","background-size":"auto","background-attachment":"scroll","background-type":"","background-media":"","overlay-type":"","overlay-color":"","overlay-opacity":"","overlay-gradient":""}},"ast-content-background-meta":{"desktop":{"background-color":"var(--ast-global-color-5)","background-image":"","background-repeat":"repeat","background-position":"center center","background-size":"auto","background-attachment":"scroll","background-type":"","background-media":"","overlay-type":"","overlay-color":"","overlay-opacity":"","overlay-gradient":""},"tablet":{"background-color":"var(--ast-global-color-5)","background-image":"","background-repeat":"repeat","background-position":"center center","background-size":"auto","background-attachment":"scroll","background-type":"","background-media":"","overlay-type":"","overlay-color":"","overlay-opacity":"","overlay-gradient":""},"mobile":{"background-color":"var(--ast-global-color-5)","background-image":"","background-repeat":"repeat","background-position":"center center","background-size":"auto","background-attachment":"scroll","background-type":"","background-media":"","overlay-type":"","overlay-color":"","overlay-opacity":"","overlay-gradient":""}},"footnotes":""},"class_list":["post-35","page","type-page","status-publish","hentry"],"yoast_head":"<!-- This site is optimized with the Yoast SEO plugin v27.3 - https:\/\/yoast.com\/product\/yoast-seo-wordpress\/ -->\r\n<title>Accueil - EQUUS<\/title>\r\n<meta name=\"description\" content=\"Coffret exclusif de deux montres interchangeables (m\u00e9canique et quartz), en \u00e9dition limit\u00e9e \u00e0 222 exemplaires, design suisse\" \/>\r\n<meta name=\"robots\" content=\"index, follow, max-snippet:-1, max-image-preview:large, max-video-preview:-1\" \/>\r\n<link rel=\"canonical\" href=\"https:\/\/www.equuswatches.ch\/fr\/\" \/>\r\n<meta property=\"og:locale\" content=\"fr_FR\" \/>\r\n<meta property=\"og:type\" content=\"article\" \/>\r\n<meta property=\"og:title\" content=\"Accueil - EQUUS\" \/>\r\n<meta property=\"og:description\" content=\"Coffret exclusif de deux montres interchangeables (m\u00e9canique et quartz), en \u00e9dition limit\u00e9e \u00e0 222 exemplaires, design suisse\" \/>\r\n<meta property=\"og:url\" content=\"https:\/\/www.equuswatches.ch\/fr\/\" \/>\r\n<meta property=\"og:site_name\" content=\"EQUUS\" \/>\r\n<meta property=\"article:modified_time\" content=\"2025-09-24T13:47:45+00:00\" \/>\r\n<meta name=\"twitter:card\" content=\"summary_large_image\" \/>\r\n<meta name=\"twitter:label1\" content=\"Dur\u00e9e de lecture estim\u00e9e\" \/>\n\t<meta name=\"twitter:data1\" content=\"1 minute\" \/>\r\n<script type=\"application\/ld+json\" class=\"yoast-schema-graph\">{\"@context\":\"https:\\\/\\\/schema.org\",\"@graph\":[{\"@type\":\"WebPage\",\"@id\":\"https:\\\/\\\/www.equuswatches.ch\\\/\",\"url\":\"https:\\\/\\\/www.equuswatches.ch\\\/\",\"name\":\"Accueil - EQUUS\",\"isPartOf\":{\"@id\":\"https:\\\/\\\/www.equuswatches.ch\\\/fr\\\/#website\"},\"datePublished\":\"2023-06-17T18:28:44+00:00\",\"dateModified\":\"2025-09-24T13:47:45+00:00\",\"description\":\"Coffret exclusif de deux montres interchangeables (m\u00e9canique et quartz), en \u00e9dition limit\u00e9e \u00e0 222 exemplaires, design suisse\",\"breadcrumb\":{\"@id\":\"https:\\\/\\\/www.equuswatches.ch\\\/#breadcrumb\"},\"inLanguage\":\"fr-FR\",\"potentialAction\":[{\"@type\":\"ReadAction\",\"target\":[\"https:\\\/\\\/www.equuswatches.ch\\\/\"]}]},{\"@type\":\"BreadcrumbList\",\"@id\":\"https:\\\/\\\/www.equuswatches.ch\\\/#breadcrumb\",\"itemListElement\":[{\"@type\":\"ListItem\",\"position\":1,\"name\":\"Accueil\",\"item\":\"https:\\\/\\\/www.equuswatches.ch\\\/\"},{\"@type\":\"ListItem\",\"position\":2,\"name\":\"Accueil\"}]},{\"@type\":\"WebSite\",\"@id\":\"https:\\\/\\\/www.equuswatches.ch\\\/fr\\\/#website\",\"url\":\"https:\\\/\\\/www.equuswatches.ch\\\/fr\\\/\",\"name\":\"EQUUS\",\"description\":\"\",\"publisher\":{\"@id\":\"https:\\\/\\\/www.equuswatches.ch\\\/fr\\\/#organization\"},\"potentialAction\":[{\"@type\":\"SearchAction\",\"target\":{\"@type\":\"EntryPoint\",\"urlTemplate\":\"https:\\\/\\\/www.equuswatches.ch\\\/fr\\\/?s={search_term_string}\"},\"query-input\":{\"@type\":\"PropertyValueSpecification\",\"valueRequired\":true,\"valueName\":\"search_term_string\"}}],\"inLanguage\":\"fr-FR\"},{\"@type\":\"Organization\",\"@id\":\"https:\\\/\\\/www.equuswatches.ch\\\/fr\\\/#organization\",\"name\":\"EQUUS\",\"url\":\"https:\\\/\\\/www.equuswatches.ch\\\/fr\\\/\",\"logo\":{\"@type\":\"ImageObject\",\"inLanguage\":\"fr-FR\",\"@id\":\"https:\\\/\\\/www.equuswatches.ch\\\/fr\\\/#\\\/schema\\\/logo\\\/image\\\/\",\"url\":\"https:\\\/\\\/www.equuswatches.ch\\\/wp-content\\\/uploads\\\/Logo.png\",\"contentUrl\":\"https:\\\/\\\/www.equuswatches.ch\\\/wp-content\\\/uploads\\\/Logo.png\",\"width\":667,\"height\":359,\"caption\":\"EQUUS\"},\"image\":{\"@id\":\"https:\\\/\\\/www.equuswatches.ch\\\/fr\\\/#\\\/schema\\\/logo\\\/image\\\/\"}}]}<\/script>\r\n<!-- \/ Yoast SEO plugin. -->","yoast_head_json":{"title":"Accueil - EQUUS","description":"Coffret exclusif de deux montres interchangeables (m\u00e9canique et quartz), en \u00e9dition limit\u00e9e \u00e0 222 exemplaires, design suisse","robots":{"index":"index","follow":"follow","max-snippet":"max-snippet:-1","max-image-preview":"max-image-preview:large","max-video-preview":"max-video-preview:-1"},"canonical":"https:\/\/www.equuswatches.ch\/fr\/","og_locale":"fr_FR","og_type":"article","og_title":"Accueil - EQUUS","og_description":"Coffret exclusif de deux montres interchangeables (m\u00e9canique et quartz), en \u00e9dition limit\u00e9e \u00e0 222 exemplaires, design suisse","og_url":"https:\/\/www.equuswatches.ch\/fr\/","og_site_name":"EQUUS","article_modified_time":"2025-09-24T13:47:45+00:00","twitter_card":"summary_large_image","twitter_misc":{"Dur\u00e9e de lecture estim\u00e9e":"1 minute"},"schema":{"@context":"https:\/\/schema.org","@graph":[{"@type":"WebPage","@id":"https:\/\/www.equuswatches.ch\/","url":"https:\/\/www.equuswatches.ch\/","name":"Accueil - EQUUS","isPartOf":{"@id":"https:\/\/www.equuswatches.ch\/fr\/#website"},"datePublished":"2023-06-17T18:28:44+00:00","dateModified":"2025-09-24T13:47:45+00:00","description":"Coffret exclusif de deux montres interchangeables (m\u00e9canique et quartz), en \u00e9dition limit\u00e9e \u00e0 222 exemplaires, design suisse","breadcrumb":{"@id":"https:\/\/www.equuswatches.ch\/#breadcrumb"},"inLanguage":"fr-FR","potentialAction":[{"@type":"ReadAction","target":["https:\/\/www.equuswatches.ch\/"]}]},{"@type":"BreadcrumbList","@id":"https:\/\/www.equuswatches.ch\/#breadcrumb","itemListElement":[{"@type":"ListItem","position":1,"name":"Accueil","item":"https:\/\/www.equuswatches.ch\/"},{"@type":"ListItem","position":2,"name":"Accueil"}]},{"@type":"WebSite","@id":"https:\/\/www.equuswatches.ch\/fr\/#website","url":"https:\/\/www.equuswatches.ch\/fr\/","name":"EQUUS","description":"","publisher":{"@id":"https:\/\/www.equuswatches.ch\/fr\/#organization"},"potentialAction":[{"@type":"SearchAction","target":{"@type":"EntryPoint","urlTemplate":"https:\/\/www.equuswatches.ch\/fr\/?s={search_term_string}"},"query-input":{"@type":"PropertyValueSpecification","valueRequired":true,"valueName":"search_term_string"}}],"inLanguage":"fr-FR"},{"@type":"Organization","@id":"https:\/\/www.equuswatches.ch\/fr\/#organization","name":"EQUUS","url":"https:\/\/www.equuswatches.ch\/fr\/","logo":{"@type":"ImageObject","inLanguage":"fr-FR","@id":"https:\/\/www.equuswatches.ch\/fr\/#\/schema\/logo\/image\/","url":"https:\/\/www.equuswatches.ch\/wp-content\/uploads\/Logo.png","contentUrl":"https:\/\/www.equuswatches.ch\/wp-content\/uploads\/Logo.png","width":667,"height":359,"caption":"EQUUS"},"image":{"@id":"https:\/\/www.equuswatches.ch\/fr\/#\/schema\/logo\/image\/"}}]}},"_links":{"self":[{"href":"https:\/\/www.equuswatches.ch\/fr\/wp-json\/wp\/v2\/pages\/35","targetHints":{"allow":["GET"]}}],"collection":[{"href":"https:\/\/www.equuswatches.ch\/fr\/wp-json\/wp\/v2\/pages"}],"about":[{"href":"https:\/\/www.equuswatches.ch\/fr\/wp-json\/wp\/v2\/types\/page"}],"author":[{"embeddable":true,"href":"https:\/\/www.equuswatches.ch\/fr\/wp-json\/wp\/v2\/users\/1"}],"replies":[{"embeddable":true,"href":"https:\/\/www.equuswatches.ch\/fr\/wp-json\/wp\/v2\/comments?post=35"}],"version-history":[{"count":473,"href":"https:\/\/www.equuswatches.ch\/fr\/wp-json\/wp\/v2\/pages\/35\/revisions"}],"predecessor-version":[{"id":1149,"href":"https:\/\/www.equuswatches.ch\/fr\/wp-json\/wp\/v2\/pages\/35\/revisions\/1149"}],"wp:attachment":[{"href":"https:\/\/www.equuswatches.ch\/fr\/wp-json\/wp\/v2\/media?parent=35"}],"curies":[{"name":"wp","href":"https:\/\/api.w.org\/{rel}","templated":true}]}}